{"id":1003,"date":"2022-06-30T16:24:47","date_gmt":"2022-06-30T16:24:47","guid":{"rendered":"https:\/\/ecowotto.com\/quality-environment\/"},"modified":"2022-06-30T16:24:47","modified_gmt":"2022-06-30T16:24:47","slug":"quality-environment","status":"publish","type":"page","link":"https:\/\/ecowotto.com\/en\/quality-environment\/","title":{"rendered":"Quality &#038; Environment"},"content":{"rendered":"<div class=\"legales\">\n<h3><strong>POL\u00cdTICA DE CALIDAD Y MEDIO AMBIENTE<\/strong><\/h3>\n<p>WOTTOLINE est\u00e1 comprometida con la calidad de las actividades que realizamos para garantizar la m\u00e1xima satisfacci\u00f3n de nuestros clientes y respeto por el medio ambiente y la sostenibilidad.<\/p>\n<p>WOTTOLINE dispone de un Sistema Integrado de Gesti\u00f3n de Calidad y Ambiental basado en las normas UNE-EN-ISO 9001:2015 y UNE-EN-ISO 14001:2015. La Direcci\u00f3n de WOTTOLINE se compromete a cumplir y comunicar los siguientes valores y compromisos:<\/p>\n<p>1. Ofrecer soluciones orientadas a la satisfacci\u00f3n de nuestros clientes.<\/p>\n<p>2. Mejorar continuamente la eficacia de los procesos a trav\u00e9s del Sistema de Gesti\u00f3n de Calidad de la organizaci\u00f3n y su control.<\/p>\n<p>3. Enfoque de la Direcci\u00f3n orientado a la mejora continua, actualizando nuestros procesos internos y c\u00f3digos de buenas pr\u00e1cticas.<\/p>\n<p>4. Cumplir con los requisitos del cliente, los legales y reglamentarios de obligado cumplimiento y los establecidos internamente.<\/p>\n<p>5. Fomentar la participaci\u00f3n de los trabajadores y su desarrollo personal y profesional.<\/p>\n<p>6. Desarrollar nuestros productos con respeto al medio ambiente, mediante el uso sostenible de recursos, utilizando materiales reciclables en la medida de lo posible, de forma que se contribuya a la protecci\u00f3n del medio ambiente, desarrollo sostenible y prevenci\u00f3n de la contaminaci\u00f3n.<\/p>\n<p>La calidad y protecci\u00f3n del medio ambiente es un compromiso y responsabilidad de todo el personal de WOTTOLINE y participan de forma activa en el mantenimiento y mejora continua de nuestro Sistema de Gesti\u00f3n de Calidad y Ambiental.<\/p>\n<p>La Direcci\u00f3n se compromete a disponer de los recursos humanos y materiales necesarios para cumplir con los requisitos de las actividades que se desarrollan, los objetivos y mejorar continuamente la eficacia y desempe\u00f1o de nuestro Sistema de Gesti\u00f3n de Calidad y Ambiental. Esta pol\u00edtica de la calidad y ambiental es revisada anualmente para su adecuaci\u00f3n al contexto de la organizaci\u00f3n y direcci\u00f3n estrat\u00e9gica. Se comunica y est\u00e1 disponible para las partes interesadas pertinentes.<\/p>\n<p style=\"margin: 35px 0 0 0;\">La Direcci\u00f3n de WOTTOLINE,<\/p>\n<p><em>Uno de noviembre de 2017<\/em><\/p>\n<p>A continuaci\u00f3n, puede ver el informe de <strong><a href=\"https:\/\/www.wottoline.com\/wp-content\/uploads\/2021\/12\/2019_Desempeno_Ambiental.pdf\" target=\"_blank\" rel=\"noopener\">Desempe\u00f1o Ambiental<\/a><\/strong>.<\/p>\n<\/div>\n","protected":false},"excerpt":{"rendered":"<p>POL\u00cdTICA DE CALIDAD Y MEDIO AMBIENTE WOTTOLINE est\u00e1 comprometida con la calidad de las actividades que realizamos para garantizar la m\u00e1xima satisfacci\u00f3n de nuestros clientes y respeto por el medio ambiente y la sostenibilidad. WOTTOLINE dispone de un Sistema Integrado de Gesti\u00f3n de Calidad y Ambiental basado en las normas UNE-EN-ISO 9001:2015 y UNE-EN-ISO 14001:2015. [&hellip;]<\/p>\n","protected":false},"author":1,"featured_media":0,"parent":0,"menu_order":0,"comment_status":"closed","ping_status":"closed","template":"","meta":[],"_links":{"self":[{"href":"https:\/\/ecowotto.com\/en\/wp-json\/wp\/v2\/pages\/1003"}],"collection":[{"href":"https:\/\/ecowotto.com\/en\/wp-json\/wp\/v2\/pages"}],"about":[{"href":"https:\/\/ecowotto.com\/en\/wp-json\/wp\/v2\/types\/page"}],"author":[{"embeddable":true,"href":"https:\/\/ecowotto.com\/en\/wp-json\/wp\/v2\/users\/1"}],"replies":[{"embeddable":true,"href":"https:\/\/ecowotto.com\/en\/wp-json\/wp\/v2\/comments?post=1003"}],"version-history":[{"count":0,"href":"https:\/\/ecowotto.com\/en\/wp-json\/wp\/v2\/pages\/1003\/revisions"}],"wp:attachment":[{"href":"https:\/\/ecowotto.com\/en\/wp-json\/wp\/v2\/media?parent=1003"}],"curies":[{"name":"wp","href":"https:\/\/api.w.org\/{rel}","templated":true}]}}